{"id":6,"date":"2021-12-13T17:06:01","date_gmt":"2021-12-13T17:06:01","guid":{"rendered":"https:\/\/pilarbellver.es\/?page_id=6"},"modified":"2026-01-25T12:27:25","modified_gmt":"2026-01-25T12:27:25","slug":"inicio","status":"publish","type":"page","link":"https:\/\/pilarbellver.es\/","title":{"rendered":"Inicio"},"content":{"rendered":"\t\t<div data-elementor-type=\"wp-page\" data-elementor-id=\"6\" class=\"elementor elementor-6\">\n\t\t\t\t\t\t\t\t\t<section class=\"elementor-section elementor-top-section elementor-element elementor-element-7d62615 elementor-section-full_width elementor-section-content-top elementor-section-height-default elementor-section-height-default\" data-id=\"7d62615\" data-element_type=\"section\">\n\t\t\t\t\t\t<div class=\"elementor-container elementor-column-gap-no\">\n\t\t\t\t\t<div class=\"elementor-column elementor-col-100 elementor-top-column elementor-element elementor-element-c65981d\" data-id=\"c65981d\" data-element_type=\"column\">\n\t\t\t<div class=\"elementor-widget-wrap elementor-element-populated\">\n\t\t\t\t\t\t\t\t<div class=\"elementor-element elementor-element-53c6471 elementor-widget elementor-widget-image\" data-id=\"53c6471\" data-element_type=\"widget\" data-widget_type=\"image.default\">\n\t\t\t\t<div class=\"elementor-widget-container\">\n\t\t\t<style>\/*! elementor - v3.8.0 - 30-10-2022 *\/\n.elementor-widget-image{text-align:center}.elementor-widget-image a{display:inline-block}.elementor-widget-image a img[src$=\".svg\"]{width:48px}.elementor-widget-image img{vertical-align:middle;display:inline-block}<\/style>\t\t\t\t\t\t\t\t\t\t\t\t<img src=\"https:\/\/pilarbellver.es\/wp-content\/uploads\/2026\/01\/pilar-bellver-nuevo-libro.jpg\" title=\"\" alt=\"\" \/>\t\t\t\t\t\t\t\t\t\t\t\t\t\t\t<\/div>\n\t\t\t\t<\/div>\n\t\t\t\t\t<\/div>\n\t\t<\/div>\n\t\t\t\t\t\t\t<\/div>\n\t\t<\/section>\n\t\t\t\t<section class=\"elementor-section elementor-top-section elementor-element elementor-element-5e4173c1 elementor-section-content-middle elementor-section-boxed elementor-section-height-default elementor-section-height-default\" data-id=\"5e4173c1\" data-element_type=\"section\">\n\t\t\t\t\t\t<div class=\"elementor-container elementor-column-gap-no\">\n\t\t\t\t\t<div class=\"elementor-column elementor-col-100 elementor-top-column elementor-element elementor-element-2c77f2b6\" data-id=\"2c77f2b6\" data-element_type=\"column\">\n\t\t\t<div class=\"elementor-widget-wrap elementor-element-populated\">\n\t\t\t\t\t\t\t\t<section class=\"elementor-section elementor-inner-section elementor-element elementor-element-17bcfa7f elementor-section-content-middle elementor-section-boxed elementor-section-height-default elementor-section-height-default\" data-id=\"17bcfa7f\" data-element_type=\"section\">\n\t\t\t\t\t\t<div class=\"elementor-container elementor-column-gap-no\">\n\t\t\t\t\t<div class=\"elementor-column elementor-col-33 elementor-inner-column elementor-element elementor-element-34894e45\" data-id=\"34894e45\" data-element_type=\"column\" data-settings=\"{&quot;background_background&quot;:&quot;classic&quot;}\">\n\t\t\t<div class=\"elementor-widget-wrap elementor-element-populated\">\n\t\t\t\t\t\t\t\t<div class=\"elementor-element elementor-element-22cdd94e elementor-position-top elementor-vertical-align-top elementor-widget elementor-widget-image-box\" data-id=\"22cdd94e\" data-element_type=\"widget\" data-widget_type=\"image-box.default\">\n\t\t\t\t<div class=\"elementor-widget-container\">\n\t\t\t<style>\/*! elementor - v3.8.0 - 30-10-2022 *\/\n.elementor-widget-image-box .elementor-image-box-content{width:100%}@media (min-width:768px){.elementor-widget-image-box.elementor-position-left .elementor-image-box-wrapper,.elementor-widget-image-box.elementor-position-right .elementor-image-box-wrapper{display:-webkit-box;display:-ms-flexbox;display:flex}.elementor-widget-image-box.elementor-position-right .elementor-image-box-wrapper{text-align:right;-webkit-box-orient:horizontal;-webkit-box-direction:reverse;-ms-flex-direction:row-reverse;flex-direction:row-reverse}.elementor-widget-image-box.elementor-position-left .elementor-image-box-wrapper{text-align:left;-webkit-box-orient:horizontal;-webkit-box-direction:normal;-ms-flex-direction:row;flex-direction:row}.elementor-widget-image-box.elementor-position-top .elementor-image-box-img{margin:auto}.elementor-widget-image-box.elementor-vertical-align-top .elementor-image-box-wrapper{-webkit-box-align:start;-ms-flex-align:start;align-items:flex-start}.elementor-widget-image-box.elementor-vertical-align-middle .elementor-image-box-wrapper{-webkit-box-align:center;-ms-flex-align:center;align-items:center}.elementor-widget-image-box.elementor-vertical-align-bottom .elementor-image-box-wrapper{-webkit-box-align:end;-ms-flex-align:end;align-items:flex-end}}@media (max-width:767px){.elementor-widget-image-box .elementor-image-box-img{margin-left:auto!important;margin-right:auto!important;margin-bottom:15px}}.elementor-widget-image-box .elementor-image-box-img{display:inline-block}.elementor-widget-image-box .elementor-image-box-title a{color:inherit}.elementor-widget-image-box .elementor-image-box-wrapper{text-align:center}.elementor-widget-image-box .elementor-image-box-description{margin:0}<\/style><div class=\"elementor-image-box-wrapper\"><figure class=\"elementor-image-box-img\"><img width=\"370\" height=\"200\" src=\"https:\/\/pilarbellver.es\/wp-content\/uploads\/2021\/12\/intro3.jpg\" class=\"attachment-full size-full\" alt=\"\" loading=\"lazy\" \/><\/figure><div class=\"elementor-image-box-content\"><h3 class=\"elementor-image-box-title\">Libros Descargables<\/h3><\/div><\/div>\t\t<\/div>\n\t\t\t\t<\/div>\n\t\t\t\t<div class=\"elementor-element elementor-element-691719a elementor-widget elementor-widget-image\" data-id=\"691719a\" data-element_type=\"widget\" data-widget_type=\"image.default\">\n\t\t\t\t<div class=\"elementor-widget-container\">\n\t\t\t\t\t\t\t\t\t\t\t\t\t\t\t<img width=\"1024\" height=\"530\" src=\"https:\/\/pilarbellver.es\/wp-content\/uploads\/2023\/10\/Inicio-FOTO-recortada-1024x530.jpg\" class=\"attachment-large size-large\" alt=\"\" loading=\"lazy\" srcset=\"https:\/\/pilarbellver.es\/wp-content\/uploads\/2023\/10\/Inicio-FOTO-recortada-1024x530.jpg 1024w, https:\/\/pilarbellver.es\/wp-content\/uploads\/2023\/10\/Inicio-FOTO-recortada-300x155.jpg 300w, https:\/\/pilarbellver.es\/wp-content\/uploads\/2023\/10\/Inicio-FOTO-recortada-768x398.jpg 768w, https:\/\/pilarbellver.es\/wp-content\/uploads\/2023\/10\/Inicio-FOTO-recortada.jpg 1280w\" sizes=\"(max-width: 1024px) 100vw, 1024px\" \/>\t\t\t\t\t\t\t\t\t\t\t\t\t\t\t<\/div>\n\t\t\t\t<\/div>\n\t\t\t\t<div class=\"elementor-element elementor-element-72aae5d elementor-align-center elementor-widget elementor-widget-button\" data-id=\"72aae5d\" data-element_type=\"widget\" data-widget_type=\"button.default\">\n\t\t\t\t<div class=\"elementor-widget-container\">\n\t\t\t\t\t<div class=\"elementor-button-wrapper\">\n\t\t\t<a href=\"https:\/\/pilarbellver.es\/index.php\/libros-descargables\/\" class=\"elementor-button-link elementor-button elementor-size-sm\" role=\"button\">\n\t\t\t\t\t\t<span class=\"elementor-button-content-wrapper\">\n\t\t\t\t\t\t<span class=\"elementor-button-text\">Leer m\u00e1s<\/span>\n\t\t<\/span>\n\t\t\t\t\t<\/a>\n\t\t<\/div>\n\t\t\t\t<\/div>\n\t\t\t\t<\/div>\n\t\t\t\t\t<\/div>\n\t\t<\/div>\n\t\t\t\t<div class=\"elementor-column elementor-col-33 elementor-inner-column elementor-element elementor-element-851db29\" data-id=\"851db29\" data-element_type=\"column\" data-settings=\"{&quot;background_background&quot;:&quot;classic&quot;}\">\n\t\t\t<div class=\"elementor-widget-wrap elementor-element-populated\">\n\t\t\t\t\t\t\t\t<div class=\"elementor-element elementor-element-157f586 elementor-position-top elementor-vertical-align-top elementor-widget elementor-widget-image-box\" data-id=\"157f586\" data-element_type=\"widget\" data-widget_type=\"image-box.default\">\n\t\t\t\t<div class=\"elementor-widget-container\">\n\t\t\t<div class=\"elementor-image-box-wrapper\"><figure class=\"elementor-image-box-img\"><img width=\"370\" height=\"200\" src=\"https:\/\/pilarbellver.es\/wp-content\/uploads\/2021\/12\/fotob.jpg\" class=\"attachment-full size-full\" alt=\"\" loading=\"lazy\" \/><\/figure><div class=\"elementor-image-box-content\"><h3 class=\"elementor-image-box-title\">Notas Autobiogr\u00e1ficas<\/h3><\/div><\/div>\t\t<\/div>\n\t\t\t\t<\/div>\n\t\t\t\t<div class=\"elementor-element elementor-element-92b02c0 elementor-align-center elementor-widget elementor-widget-button\" data-id=\"92b02c0\" data-element_type=\"widget\" data-widget_type=\"button.default\">\n\t\t\t\t<div class=\"elementor-widget-container\">\n\t\t\t\t\t<div class=\"elementor-button-wrapper\">\n\t\t\t<a href=\"https:\/\/pilarbellver.es\/index.php\/notas-autobiograficas\/\" class=\"elementor-button-link elementor-button elementor-size-sm\" role=\"button\">\n\t\t\t\t\t\t<span class=\"elementor-button-content-wrapper\">\n\t\t\t\t\t\t<span class=\"elementor-button-text\">Leer m\u00e1s<\/span>\n\t\t<\/span>\n\t\t\t\t\t<\/a>\n\t\t<\/div>\n\t\t\t\t<\/div>\n\t\t\t\t<\/div>\n\t\t\t\t\t<\/div>\n\t\t<\/div>\n\t\t\t\t<div class=\"elementor-column elementor-col-33 elementor-inner-column elementor-element elementor-element-28115fe\" data-id=\"28115fe\" data-element_type=\"column\" data-settings=\"{&quot;background_background&quot;:&quot;classic&quot;}\">\n\t\t\t<div class=\"elementor-widget-wrap elementor-element-populated\">\n\t\t\t\t\t\t\t\t<div class=\"elementor-element elementor-element-b1e5581 elementor-position-top elementor-vertical-align-top elementor-widget elementor-widget-image-box\" data-id=\"b1e5581\" data-element_type=\"widget\" data-widget_type=\"image-box.default\">\n\t\t\t\t<div class=\"elementor-widget-container\">\n\t\t\t<div class=\"elementor-image-box-wrapper\"><figure class=\"elementor-image-box-img\"><img width=\"900\" height=\"482\" src=\"https:\/\/pilarbellver.es\/wp-content\/uploads\/2022\/11\/libros-nuevos.jpg\" class=\"attachment-full size-full\" alt=\"\" loading=\"lazy\" \/><\/figure><div class=\"elementor-image-box-content\"><h3 class=\"elementor-image-box-title\">Libros Nuevos<\/h3><\/div><\/div>\t\t<\/div>\n\t\t\t\t<\/div>\n\t\t\t\t<div class=\"elementor-element elementor-element-6dcd389 elementor-align-center elementor-widget elementor-widget-button\" data-id=\"6dcd389\" data-element_type=\"widget\" data-widget_type=\"button.default\">\n\t\t\t\t<div class=\"elementor-widget-container\">\n\t\t\t\t\t<div class=\"elementor-button-wrapper\">\n\t\t\t<a href=\"https:\/\/pilarbellver.es\/index.php\/libros-nuevos\/\" class=\"elementor-button-link elementor-button elementor-size-sm\" role=\"button\">\n\t\t\t\t\t\t<span class=\"elementor-button-content-wrapper\">\n\t\t\t\t\t\t<span class=\"elementor-button-text\">Leer m\u00e1s<\/span>\n\t\t<\/span>\n\t\t\t\t\t<\/a>\n\t\t<\/div>\n\t\t\t\t<\/div>\n\t\t\t\t<\/div>\n\t\t\t\t\t<\/div>\n\t\t<\/div>\n\t\t\t\t\t\t\t<\/div>\n\t\t<\/section>\n\t\t\t\t\t<\/div>\n\t\t<\/div>\n\t\t\t\t\t\t\t<\/div>\n\t\t<\/section>\n\t\t\t\t<section class=\"elementor-section elementor-top-section elementor-element elementor-element-391089e elementor-section-boxed elementor-section-height-default elementor-section-height-default\" data-id=\"391089e\" data-element_type=\"section\">\n\t\t\t\t\t\t<div class=\"elementor-container elementor-column-gap-default\">\n\t\t\t\t\t<div class=\"elementor-column elementor-col-100 elementor-top-column elementor-element elementor-element-971b59f\" data-id=\"971b59f\" data-element_type=\"column\">\n\t\t\t<div class=\"elementor-widget-wrap elementor-element-populated\">\n\t\t\t\t\t\t\t\t<div class=\"elementor-element elementor-element-6e9fcc4 elementor-widget elementor-widget-heading\" data-id=\"6e9fcc4\" data-element_type=\"widget\" data-widget_type=\"heading.default\">\n\t\t\t\t<div class=\"elementor-widget-container\">\n\t\t\t<style>\/*! elementor - v3.8.0 - 30-10-2022 *\/\n.elementor-heading-title{padding:0;margin:0;line-height:1}.elementor-widget-heading .elementor-heading-title[class*=elementor-size-]>a{color:inherit;font-size:inherit;line-height:inherit}.elementor-widget-heading .elementor-heading-title.elementor-size-small{font-size:15px}.elementor-widget-heading .elementor-heading-title.elementor-size-medium{font-size:19px}.elementor-widget-heading .elementor-heading-title.elementor-size-large{font-size:29px}.elementor-widget-heading .elementor-heading-title.elementor-size-xl{font-size:39px}.elementor-widget-heading .elementor-heading-title.elementor-size-xxl{font-size:59px}<\/style><h2 class=\"elementor-heading-title elementor-size-default\">Inicio<\/h2>\t\t<\/div>\n\t\t\t\t<\/div>\n\t\t\t\t\t<\/div>\n\t\t<\/div>\n\t\t\t\t\t\t\t<\/div>\n\t\t<\/section>\n\t\t\t\t<section class=\"elementor-section elementor-top-section elementor-element elementor-element-ca8d8cb elementor-section-boxed elementor-section-height-default elementor-section-height-default\" data-id=\"ca8d8cb\" data-element_type=\"section\">\n\t\t\t\t\t\t<div class=\"elementor-container elementor-column-gap-default\">\n\t\t\t\t\t<div class=\"elementor-column elementor-col-100 elementor-top-column elementor-element elementor-element-e2f40a9\" data-id=\"e2f40a9\" data-element_type=\"column\">\n\t\t\t<div class=\"elementor-widget-wrap elementor-element-populated\">\n\t\t\t\t\t\t\t\t<div class=\"elementor-element elementor-element-41c914a elementor-widget elementor-widget-text-editor\" data-id=\"41c914a\" data-element_type=\"widget\" data-widget_type=\"text-editor.default\">\n\t\t\t\t<div class=\"elementor-widget-container\">\n\t\t\t<style>\/*! elementor - v3.8.0 - 30-10-2022 *\/\n.elementor-widget-text-editor.elementor-drop-cap-view-stacked .elementor-drop-cap{background-color:#818a91;color:#fff}.elementor-widget-text-editor.elementor-drop-cap-view-framed .elementor-drop-cap{color:#818a91;border:3px solid;background-color:transparent}.elementor-widget-text-editor:not(.elementor-drop-cap-view-default) .elementor-drop-cap{margin-top:8px}.elementor-widget-text-editor:not(.elementor-drop-cap-view-default) .elementor-drop-cap-letter{width:1em;height:1em}.elementor-widget-text-editor .elementor-drop-cap{float:left;text-align:center;line-height:1;font-size:50px}.elementor-widget-text-editor .elementor-drop-cap-letter{display:inline-block}<\/style>\t\t\t\t<h4><strong><br \/>\u00bfQU\u00c9 HAY AQU\u00cd?<\/strong><\/h4><p>\u00a0<\/p><p>A finales de 2008, decid\u00ed crear esta p\u00e1gina como mi propia minibiblioteca p\u00fablica en la que cualquiera pudiera entrar y descargarse gratis mis novelas; todas las posibles, es decir, aquellas que, previamente publicadas en papel por editoriales tradicionales, ya no pueden encontrarse en forma de libro o tienen los derechos caducados y me pertenecen por completo o cuya difusi\u00f3n digital nunca estuvo sujeta a contrato.<\/p><p>Desde entonces, aqu\u00ed est\u00e1n, a vuestra libre disposici\u00f3n, las siguientes obras m\u00edas:<\/p><p>&#8211;\u00a0<em>Veinticuatro Veces<\/em>, novela, publicada por Ed. Lumen, Barcelona, 2000.<br \/><span style=\"font-style: inherit; font-weight: inherit; color: var( --e-global-color-text );\"><br \/>&#8211;\u00a0<\/span><em style=\"font-weight: inherit; color: var( --e-global-color-text );\">La vendedora de tornillos o El tratado de las almas impuras<\/em><span style=\"font-style: inherit; font-weight: inherit; color: var( --e-global-color-text );\">, novela, publicada por Elipsis Ediciones, Barcelona, 2006.<\/span><\/p><p>&#8211;\u00a0<em>Vecinas<\/em>, relato, publicado por Ed. Bruguera dentro del libro de relatos \u00abUn deseo propio, antolog\u00eda de escritoras espa\u00f1olas contempor\u00e1neas\u00bb, Barcelona, 2009.<\/p><p>&#8211;\u00a0<em>A todos nos matan antes de morir<\/em>, novela, publicada por Algaida Editores, Sevilla 2010. Los derechos digitales de esta novela no estaban sujetos a contrato, por eso pude subirla antes de que dejara de venderse en papel. Aqu\u00ed os he puesto tambi\u00e9n la portada que yo dise\u00f1\u00e9 para ese libro con la obra de Marina N\u00fa\u00f1ez. Como ver\u00e9is, la editorial acept\u00f3 mi propuesta de portada, pero la \u201cmodific\u00f3\u201d. Juzgad si para bien o para mal.<span style=\"font-style: inherit; font-weight: inherit; color: var( --e-global-color-text );\">.<\/span><\/p><p>\u2013 V y V. Violaci\u00f3n y venganza, novela, publicada por Editorial Dos Bigotes, Madrid, 2017.<span style=\"font-style: inherit; font-weight: inherit; color: var( --e-global-color-text );\"><br \/><\/span><\/p><p>Y tambi\u00e9n hay otras obras sueltas, como:<\/p><p>&#8211;\u00a0<em>Ni\u00f1a-Muerde-Perro (o de por qu\u00e9 no existe el lesbianismo)<\/em>, ensayo, publicado en 1986 en la revista Nosotras, editada por el que fue el Colectivo de Feministas Lesbianas de Madrid.<\/p><p>&#8211; El cuento con el que gan\u00e9 el PREMIO CLAR\u00cdN DE CUENTOS de 1981, titulado\u00a0<em>De las cosas que aprend\u00ed con el cedazo n\u00famero 1 de mi abuelo<\/em>, que fue publicado, junto a los cuentos finalistas, por la Editorial de la Universidad Complutense; lo escrib\u00ed con 19 a\u00f1os y se parece poco, la verdad, a lo que he escrito despu\u00e9s.<\/p><p>&#8211; La novela corta con la que gan\u00e9 el PREMIO NACIONAL DE NOVELA BREVE Jos\u00e9 Luis Castillo-Puche de 1997, titulada\u00a0<em>La tercera vez<\/em>, que fue publicada por el I. E. S. del mismo nombre, de Yecla, con el patrocinio de la Diputaci\u00f3n de Murcia. Esa novela corta se convirti\u00f3 despu\u00e9s en mi primera novela larga, Veinticuatro Veces.<\/p><p>&#8211; Un cuento muy breve,\u00a0<em>Mi zapatilla izquierda<\/em>, escrito el 15 de septiembre de 2006. Es una f\u00e1bula moral en la que los personajes protagonistas son los zapatos. Lo ten\u00eda perdido por ah\u00ed desde hace a\u00f1os. Es un eslab\u00f3n suelto, as\u00ed que es dif\u00edcil buscarle sitio en un libro. El texto no es m\u00e1s que un peque\u00f1o divertimento de escritora que una tarde de finales de verano se aburr\u00eda y decidi\u00f3 redactar una gracieta para dedic\u00e1rsela a una amiga.<\/p><p>Y poco m\u00e1s. No hay ni habr\u00e1 blog, ni recortes de cr\u00edticas, ni enlaces a entrevistas que me hayan hecho ni cosas por el estilo\u2026 Hay una rese\u00f1a autobiogr\u00e1fica, eso s\u00ed, redactada con la intenci\u00f3n de que no os cueste mucho leerla. Y hay, sobre todo, un buz\u00f3n para que me escrib\u00e1is si quer\u00e9is. Procurar\u00e9 responder.<\/p><p><strong>\u00bfPOR QU\u00c9 CUELGO GRATIS MIS NOVELAS?<\/strong><\/p><p>En primer lugar, una observaci\u00f3n: no las cuelgo todas, s\u00f3lo aqu\u00e9llas que primero se publicaron en papel.<\/p><p>Quiero que mi obra publicada sea, ya que la era digital nos lo permite, de acceso libre y gratuito.<br \/>Por muchas razones (todas sociales, ideol\u00f3gicas y profundamente pol\u00edticas):<\/p><p>&#8211; Porque es el \u00fanico modo de que lo que hago llegue lo mismo a quienes pod\u00e1is pagar los 20 euros de media que cuesta un libro de papel que a quienes no.<\/p><p>&#8211; Porque los libros de papel no llegan a todos los pa\u00edses en los se habla la misma lengua en la que escribo yo.<\/p><p>&#8211; Porque los libros de papel se agotan y no se reeditan y \u00e9sa es la manera que tiene la industria literaria de matar un libro. Parece que tambi\u00e9n a los libros los matan antes de que mueran. A unos los matan antes de que mueran y a otros los mantienen vivos artificialmente (enchufados a diversos y costosos mecanismos).<\/p><p>&#8211; Porque estoy convencida de que la cultura no es propiedad privada de nadie y los \u201cderechos de autor\u201d debieran de ser, por eso, cada vez m\u00e1s, \u201cizquierdos de autora\u201d (copyleft frente a copyright, como alguien escribi\u00f3 por ah\u00ed). Considero la creaci\u00f3n literaria como un trabajo, pero creo que habr\u00eda mucho que discutir sobre el modo de remunerarlo en una econom\u00eda social alternativa al capitalismo. En todo caso, y mientras hacemos posible esa otra econom\u00eda colaborativa, creo que es compatible compaginar lo que recibimos en pago por nuestro trabajo con permitir la copia y la descarga libre de al menos algunas de nuestras obras.<\/p><p>&#8211; Porque estoy convencida de que una novela escrita por m\u00ed no es exactamente una novela m\u00eda, sino una novela de toda la comunidad a la que pertenezco. Porque no es exactamente el fruto de mi inteligencia, sino el resultado de una inteligencia colectiva, hist\u00f3rica, dial\u00e9ctica. Tal como dijo mi amada Virginia Woolf: \u201clas obras maestras no son realizaciones individuales y solitarias; son el resultado de muchos a\u00f1os de pensamiento com\u00fan, de modo que, a trav\u00e9s de la voz individual, habla la experiencia de la masa.\u201d<\/p><p>En resumen, mi obra seguir\u00e1 siendo, en la medida de lo posible, de acceso universal, libre y gratuito porque no se me ocurre otro modo mejor de contribuir al pro-com\u00fan del que yo misma me he beneficiado a lo largo de toda mi vida como mujer y como escritora.<\/p><p>Defiendo as\u00ed, pues, una literatura al servicio de los intereses comunes de mi g\u00e9nero y de mi grupo social, gratuita e independiente de los poderes dominantes. Creo firmemente que deber\u00eda ser la comunidad, mi propia peque\u00f1a comunidad de hombres y, sobre todo, de mujeres libres y solidarias, mi gente, la gente para la que escribo, la que deber\u00eda autorizarme con su apoyo a seguir escribiendo, y no los intereses comerciales de los grupos editoriales que dominan la inmensa parte de la literatura que nos llega.<\/p><p>Pero Virginia Woolf dec\u00eda tambi\u00e9n, y en la misma obra, que una mujer, para escribir, necesita dos cosas: una habitaci\u00f3n propia y 500 libras al a\u00f1o. Es decir, un sitio donde nadie la moleste y dinero para comprar su propio tiempo como escritora. Yo tengo esa habitaci\u00f3n propia. Y, adem\u00e1s, es amplia, c\u00f3moda, est\u00e1 caliente en invierno y fresquita en verano. Incluso, no quiero mentiros, dispongo del dinero que hace falta para vivir haciendo muy pocas cosas remuneradas. No tengo criaturas ni ancianos que dependan econ\u00f3micamente de m\u00ed. No sufro escasez.<\/p><p>As\u00ed que lo hago tambi\u00e9n, es verdad, porque puedo permit\u00edrmelo.<\/p>\t\t\t\t\t\t<\/div>\n\t\t\t\t<\/div>\n\t\t\t\t\t<\/div>\n\t\t<\/div>\n\t\t\t\t\t\t\t<\/div>\n\t\t<\/section>\n\t\t\t\t\t\t\t<\/div>\n\t\t","protected":false},"excerpt":{"rendered":"<p>Libros Descargables Leer m\u00e1s Notas Autobiogr\u00e1ficas Leer m\u00e1s Libros Nuevos Leer m\u00e1s Inicio \u00bfQU\u00c9 HAY AQU\u00cd? \u00a0 A finales de 2008, decid\u00ed crear esta p\u00e1gina como mi propia minibiblioteca p\u00fablica en la que cualquiera pudiera entrar y descargarse gratis mis novelas; todas las posibles, es decir, aquellas que, previamente publicadas en papel por editoriales tradicionales, &hellip;<\/p>\n<p class=\"read-more\"> <a class=\"\" href=\"https:\/\/pilarbellver.es\/\"> <span class=\"screen-reader-text\">Inicio<\/span> Leer m\u00e1s &raquo;<\/a><\/p>\n","protected":false},"author":1,"featured_media":0,"parent":0,"menu_order":0,"comment_status":"closed","ping_status":"closed","template":"elementor_header_footer","meta":{"site-sidebar-layout":"no-sidebar","site-content-layout":"page-builder","ast-main-header-display":"","ast-hfb-above-header-display":"","ast-hfb-below-header-display":"","ast-hfb-mobile-header-display":"","site-post-title":"disabled","ast-breadcrumbs-content":"","ast-featured-img":"disabled","footer-sml-layout":"","theme-transparent-header-meta":"default","adv-header-id-meta":"","stick-header-meta":"","header-above-stick-meta":"","header-main-stick-meta":"","header-below-stick-meta":""},"_links":{"self":[{"href":"https:\/\/pilarbellver.es\/index.php\/wp-json\/wp\/v2\/pages\/6"}],"collection":[{"href":"https:\/\/pilarbellver.es\/index.php\/wp-json\/wp\/v2\/pages"}],"about":[{"href":"https:\/\/pilarbellver.es\/index.php\/wp-json\/wp\/v2\/types\/page"}],"author":[{"embeddable":true,"href":"https:\/\/pilarbellver.es\/index.php\/wp-json\/wp\/v2\/users\/1"}],"replies":[{"embeddable":true,"href":"https:\/\/pilarbellver.es\/index.php\/wp-json\/wp\/v2\/comments?post=6"}],"version-history":[{"count":101,"href":"https:\/\/pilarbellver.es\/index.php\/wp-json\/wp\/v2\/pages\/6\/revisions"}],"predecessor-version":[{"id":420,"href":"https:\/\/pilarbellver.es\/index.php\/wp-json\/wp\/v2\/pages\/6\/revisions\/420"}],"wp:attachment":[{"href":"https:\/\/pilarbellver.es\/index.php\/wp-json\/wp\/v2\/media?parent=6"}],"curies":[{"name":"wp","href":"https:\/\/api.w.org\/{rel}","templated":true}]}}