{"id":232,"date":"2021-12-17T12:27:09","date_gmt":"2021-12-17T12:27:09","guid":{"rendered":"https:\/\/pilarbellver.es\/?page_id=232"},"modified":"2023-10-10T17:51:03","modified_gmt":"2023-10-10T17:51:03","slug":"libros-nuevos","status":"publish","type":"page","link":"https:\/\/pilarbellver.es\/index.php\/libros-nuevos\/","title":{"rendered":"Libros nuevos"},"content":{"rendered":"\t\t<div data-elementor-type=\"wp-page\" data-elementor-id=\"232\" class=\"elementor elementor-232\">\n\t\t\t\t\t\t\t\t\t<section class=\"elementor-section elementor-top-section elementor-element elementor-element-391089e elementor-section-boxed elementor-section-height-default elementor-section-height-default\" data-id=\"391089e\" data-element_type=\"section\">\n\t\t\t\t\t\t<div class=\"elementor-container elementor-column-gap-default\">\n\t\t\t\t\t<div class=\"elementor-column elementor-col-100 elementor-top-column elementor-element elementor-element-971b59f\" data-id=\"971b59f\" data-element_type=\"column\">\n\t\t\t<div class=\"elementor-widget-wrap elementor-element-populated\">\n\t\t\t\t\t\t\t\t<div class=\"elementor-element elementor-element-6e9fcc4 elementor-widget elementor-widget-heading\" data-id=\"6e9fcc4\" data-element_type=\"widget\" data-widget_type=\"heading.default\">\n\t\t\t\t<div class=\"elementor-widget-container\">\n\t\t\t<style>\/*! elementor - v3.8.0 - 30-10-2022 *\/\n.elementor-heading-title{padding:0;margin:0;line-height:1}.elementor-widget-heading .elementor-heading-title[class*=elementor-size-]>a{color:inherit;font-size:inherit;line-height:inherit}.elementor-widget-heading .elementor-heading-title.elementor-size-small{font-size:15px}.elementor-widget-heading .elementor-heading-title.elementor-size-medium{font-size:19px}.elementor-widget-heading .elementor-heading-title.elementor-size-large{font-size:29px}.elementor-widget-heading .elementor-heading-title.elementor-size-xl{font-size:39px}.elementor-widget-heading .elementor-heading-title.elementor-size-xxl{font-size:59px}<\/style><h2 class=\"elementor-heading-title elementor-size-default\">Libros  nuevos<\/h2>\t\t<\/div>\n\t\t\t\t<\/div>\n\t\t\t\t\t<\/div>\n\t\t<\/div>\n\t\t\t\t\t\t\t<\/div>\n\t\t<\/section>\n\t\t\t\t<section class=\"elementor-section elementor-top-section elementor-element elementor-element-dc351c1 elementor-section-boxed elementor-section-height-default elementor-section-height-default\" data-id=\"dc351c1\" data-element_type=\"section\">\n\t\t\t\t\t\t<div class=\"elementor-container elementor-column-gap-default\">\n\t\t\t\t\t<div class=\"elementor-column elementor-col-100 elementor-top-column elementor-element elementor-element-b8ef8a5\" data-id=\"b8ef8a5\" data-element_type=\"column\">\n\t\t\t<div class=\"elementor-widget-wrap elementor-element-populated\">\n\t\t\t\t\t\t\t\t<div class=\"elementor-element elementor-element-f7aa272 elementor-grid-4 elementor-grid-tablet-2 elementor-grid-mobile-1 elementor-posts--thumbnail-top elementor-card-shadow-yes elementor-posts__hover-gradient elementor-widget elementor-widget-posts\" data-id=\"f7aa272\" data-element_type=\"widget\" data-settings=\"{&quot;cards_columns&quot;:&quot;4&quot;,&quot;cards_row_gap&quot;:{&quot;unit&quot;:&quot;px&quot;,&quot;size&quot;:47,&quot;sizes&quot;:[]},&quot;cards_row_gap_mobile&quot;:{&quot;unit&quot;:&quot;px&quot;,&quot;size&quot;:60,&quot;sizes&quot;:[]},&quot;cards_columns_tablet&quot;:&quot;2&quot;,&quot;cards_columns_mobile&quot;:&quot;1&quot;,&quot;cards_row_gap_tablet&quot;:{&quot;unit&quot;:&quot;px&quot;,&quot;size&quot;:&quot;&quot;,&quot;sizes&quot;:[]}}\" data-widget_type=\"posts.cards\">\n\t\t\t\t<div class=\"elementor-widget-container\">\n\t\t\t<link rel=\"stylesheet\" href=\"https:\/\/pilarbellver.es\/wp-content\/plugins\/elementor-pro\/assets\/css\/widget-posts.min.css\">\t\t<div class=\"elementor-posts-container elementor-posts elementor-posts--skin-cards elementor-grid\">\n\t\t\t\t<article class=\"elementor-post elementor-grid-item post-421 post type-post status-publish format-standard has-post-thumbnail hentry category-libros-nuevos\">\n\t\t\t<div class=\"elementor-post__card\">\n\t\t\t\t<a class=\"elementor-post__thumbnail__link\" href=\"https:\/\/pilarbellver.es\/index.php\/2026\/01\/25\/a-virginia-le-gustaba-vita-novela-2\/\" target=\"_blank\"><div class=\"elementor-post__thumbnail\"><img width=\"765\" height=\"560\" src=\"https:\/\/pilarbellver.es\/wp-content\/uploads\/2026\/01\/no-voy-destacada.jpg\" class=\"attachment-large size-large\" alt=\"\" loading=\"lazy\" srcset=\"https:\/\/pilarbellver.es\/wp-content\/uploads\/2026\/01\/no-voy-destacada.jpg 765w, https:\/\/pilarbellver.es\/wp-content\/uploads\/2026\/01\/no-voy-destacada-300x220.jpg 300w\" sizes=\"(max-width: 765px) 100vw, 765px\" \/><\/div><\/a>\n\t\t\t\t<div class=\"elementor-post__text\">\n\t\t\t\t<h3 class=\"elementor-post__title\">\n\t\t\t<a href=\"https:\/\/pilarbellver.es\/index.php\/2026\/01\/25\/a-virginia-le-gustaba-vita-novela-2\/\" target=&quot;_blank&quot;>\n\t\t\t\tNo Voy\t\t\t<\/a>\n\t\t<\/h3>\n\t\t\t\t<div class=\"elementor-post__excerpt\">\n\t\t\t<p>Esta novela fue editada en Noviembre de 2025 por la editorial LIBREFEMINISTA, que naci\u00f3 en<\/p>\n\t\t<\/div>\n\t\t\t\t\t<a class=\"elementor-post__read-more\" href=\"https:\/\/pilarbellver.es\/index.php\/2026\/01\/25\/a-virginia-le-gustaba-vita-novela-2\/\" target=\"_blank\">\n\t\t\t\tVer\/descargar libro &gt;\t\t\t<\/a>\n\t\t\t\t<\/div>\n\t\t\t\t\t<\/div>\n\t\t<\/article>\n\t\t\t\t<article class=\"elementor-post elementor-grid-item post-401 post type-post status-publish format-standard has-post-thumbnail hentry category-libros-nuevos\">\n\t\t\t<div class=\"elementor-post__card\">\n\t\t\t\t<a class=\"elementor-post__thumbnail__link\" href=\"https:\/\/pilarbellver.es\/index.php\/2023\/10\/10\/comando-malva\/\" target=\"_blank\"><div class=\"elementor-post__thumbnail\"><img width=\"698\" height=\"479\" src=\"https:\/\/pilarbellver.es\/wp-content\/uploads\/2023\/10\/comando-malva-destacada.jpg\" class=\"attachment-large size-large\" alt=\"\" loading=\"lazy\" srcset=\"https:\/\/pilarbellver.es\/wp-content\/uploads\/2023\/10\/comando-malva-destacada.jpg 698w, https:\/\/pilarbellver.es\/wp-content\/uploads\/2023\/10\/comando-malva-destacada-300x206.jpg 300w\" sizes=\"(max-width: 698px) 100vw, 698px\" \/><\/div><\/a>\n\t\t\t\t<div class=\"elementor-post__text\">\n\t\t\t\t<h3 class=\"elementor-post__title\">\n\t\t\t<a href=\"https:\/\/pilarbellver.es\/index.php\/2023\/10\/10\/comando-malva\/\" target=&quot;_blank&quot;>\n\t\t\t\tCOMANDO MALVA (Novela gr\u00e1fica)\t\t\t<\/a>\n\t\t<\/h3>\n\t\t\t\t<div class=\"elementor-post__excerpt\">\n\t\t\t<p>Esta novela gr\u00e1fica se public\u00f3 en Noviembre de 2019. Los derechos editoriales est\u00e1n en vigor<\/p>\n\t\t<\/div>\n\t\t\t\t\t<a class=\"elementor-post__read-more\" href=\"https:\/\/pilarbellver.es\/index.php\/2023\/10\/10\/comando-malva\/\" target=\"_blank\">\n\t\t\t\tVer\/descargar libro &gt;\t\t\t<\/a>\n\t\t\t\t<\/div>\n\t\t\t\t\t<\/div>\n\t\t<\/article>\n\t\t\t\t<article class=\"elementor-post elementor-grid-item post-385 post type-post status-publish format-standard has-post-thumbnail hentry category-libros-nuevos\">\n\t\t\t<div class=\"elementor-post__card\">\n\t\t\t\t<a class=\"elementor-post__thumbnail__link\" href=\"https:\/\/pilarbellver.es\/index.php\/2023\/10\/10\/a-virginia-le-gustaba-vita-novela\/\" target=\"_blank\"><div class=\"elementor-post__thumbnail\"><img width=\"665\" height=\"1024\" src=\"https:\/\/pilarbellver.es\/wp-content\/uploads\/2023\/10\/CARA-A-1.jpg\" class=\"attachment-large size-large\" alt=\"\" loading=\"lazy\" srcset=\"https:\/\/pilarbellver.es\/wp-content\/uploads\/2023\/10\/CARA-A-1.jpg 665w, https:\/\/pilarbellver.es\/wp-content\/uploads\/2023\/10\/CARA-A-1-195x300.jpg 195w\" sizes=\"(max-width: 665px) 100vw, 665px\" \/><\/div><\/a>\n\t\t\t\t<div class=\"elementor-post__text\">\n\t\t\t\t<h3 class=\"elementor-post__title\">\n\t\t\t<a href=\"https:\/\/pilarbellver.es\/index.php\/2023\/10\/10\/a-virginia-le-gustaba-vita-novela\/\" target=&quot;_blank&quot;>\n\t\t\t\tA VIRGINIA LE GUSTABA VITA (NOVELA)\t\t\t<\/a>\n\t\t<\/h3>\n\t\t\t\t<div class=\"elementor-post__excerpt\">\n\t\t\t<p>&nbsp; Esta novela fue editada en 2017 y ha sido reeditada en 2023 por la<\/p>\n\t\t<\/div>\n\t\t\t\t\t<a class=\"elementor-post__read-more\" href=\"https:\/\/pilarbellver.es\/index.php\/2023\/10\/10\/a-virginia-le-gustaba-vita-novela\/\" target=\"_blank\">\n\t\t\t\tVer\/descargar libro &gt;\t\t\t<\/a>\n\t\t\t\t<\/div>\n\t\t\t\t\t<\/div>\n\t\t<\/article>\n\t\t\t\t<\/div>\n\n\n\t\t\n\t\t\t\t<\/div>\n\t\t\t\t<\/div>\n\t\t\t\t\t<\/div>\n\t\t<\/div>\n\t\t\t\t\t\t\t<\/div>\n\t\t<\/section>\n\t\t\t\t\t\t\t<\/div>\n\t\t","protected":false},"excerpt":{"rendered":"<p>Libros nuevos<\/p>\n","protected":false},"author":1,"featured_media":0,"parent":0,"menu_order":0,"comment_status":"closed","ping_status":"closed","template":"elementor_header_footer","meta":{"site-sidebar-layout":"no-sidebar","site-content-layout":"page-builder","ast-main-header-display":"","ast-hfb-above-header-display":"","ast-hfb-below-header-display":"","ast-hfb-mobile-header-display":"","site-post-title":"disabled","ast-breadcrumbs-content":"","ast-featured-img":"disabled","footer-sml-layout":"","theme-transparent-header-meta":"default","adv-header-id-meta":"","stick-header-meta":"","header-above-stick-meta":"","header-main-stick-meta":"","header-below-stick-meta":""},"_links":{"self":[{"href":"https:\/\/pilarbellver.es\/index.php\/wp-json\/wp\/v2\/pages\/232"}],"collection":[{"href":"https:\/\/pilarbellver.es\/index.php\/wp-json\/wp\/v2\/pages"}],"about":[{"href":"https:\/\/pilarbellver.es\/index.php\/wp-json\/wp\/v2\/types\/page"}],"author":[{"embeddable":true,"href":"https:\/\/pilarbellver.es\/index.php\/wp-json\/wp\/v2\/users\/1"}],"replies":[{"embeddable":true,"href":"https:\/\/pilarbellver.es\/index.php\/wp-json\/wp\/v2\/comments?post=232"}],"version-history":[{"count":22,"href":"https:\/\/pilarbellver.es\/index.php\/wp-json\/wp\/v2\/pages\/232\/revisions"}],"predecessor-version":[{"id":391,"href":"https:\/\/pilarbellver.es\/index.php\/wp-json\/wp\/v2\/pages\/232\/revisions\/391"}],"wp:attachment":[{"href":"https:\/\/pilarbellver.es\/index.php\/wp-json\/wp\/v2\/media?parent=232"}],"curies":[{"name":"wp","href":"https:\/\/api.w.org\/{rel}","templated":true}]}}