{"id":153,"date":"2021-12-17T11:09:18","date_gmt":"2021-12-17T11:09:18","guid":{"rendered":"https:\/\/pilarbellver.es\/?page_id=153"},"modified":"2023-10-10T17:47:07","modified_gmt":"2023-10-10T17:47:07","slug":"notas-autobiograficas","status":"publish","type":"page","link":"https:\/\/pilarbellver.es\/index.php\/notas-autobiograficas\/","title":{"rendered":"Notas autobiogr\u00e1ficas"},"content":{"rendered":"\t\t<div data-elementor-type=\"wp-page\" data-elementor-id=\"153\" class=\"elementor elementor-153\">\n\t\t\t\t\t\t\t\t\t<section class=\"elementor-section elementor-top-section elementor-element elementor-element-391089e elementor-section-boxed elementor-section-height-default elementor-section-height-default\" data-id=\"391089e\" data-element_type=\"section\">\n\t\t\t\t\t\t<div class=\"elementor-container elementor-column-gap-default\">\n\t\t\t\t\t<div class=\"elementor-column elementor-col-100 elementor-top-column elementor-element elementor-element-971b59f\" data-id=\"971b59f\" data-element_type=\"column\">\n\t\t\t<div class=\"elementor-widget-wrap elementor-element-populated\">\n\t\t\t\t\t\t\t\t<div class=\"elementor-element elementor-element-6e9fcc4 elementor-widget elementor-widget-heading\" data-id=\"6e9fcc4\" data-element_type=\"widget\" data-widget_type=\"heading.default\">\n\t\t\t\t<div class=\"elementor-widget-container\">\n\t\t\t<style>\/*! elementor - v3.8.0 - 30-10-2022 *\/\n.elementor-heading-title{padding:0;margin:0;line-height:1}.elementor-widget-heading .elementor-heading-title[class*=elementor-size-]>a{color:inherit;font-size:inherit;line-height:inherit}.elementor-widget-heading .elementor-heading-title.elementor-size-small{font-size:15px}.elementor-widget-heading .elementor-heading-title.elementor-size-medium{font-size:19px}.elementor-widget-heading .elementor-heading-title.elementor-size-large{font-size:29px}.elementor-widget-heading .elementor-heading-title.elementor-size-xl{font-size:39px}.elementor-widget-heading .elementor-heading-title.elementor-size-xxl{font-size:59px}<\/style><h2 class=\"elementor-heading-title elementor-size-default\">Notas Autobiogr\u00e1ficas<\/h2>\t\t<\/div>\n\t\t\t\t<\/div>\n\t\t\t\t\t<\/div>\n\t\t<\/div>\n\t\t\t\t\t\t\t<\/div>\n\t\t<\/section>\n\t\t\t\t<section class=\"elementor-section elementor-top-section elementor-element elementor-element-ca8d8cb elementor-section-boxed elementor-section-height-default elementor-section-height-default\" data-id=\"ca8d8cb\" data-element_type=\"section\">\n\t\t\t\t\t\t<div class=\"elementor-container elementor-column-gap-default\">\n\t\t\t\t\t<div class=\"elementor-column elementor-col-100 elementor-top-column elementor-element elementor-element-e2f40a9\" data-id=\"e2f40a9\" data-element_type=\"column\">\n\t\t\t<div class=\"elementor-widget-wrap elementor-element-populated\">\n\t\t\t\t\t\t\t\t<div class=\"elementor-element elementor-element-41c914a elementor-widget elementor-widget-text-editor\" data-id=\"41c914a\" data-element_type=\"widget\" data-widget_type=\"text-editor.default\">\n\t\t\t\t<div class=\"elementor-widget-container\">\n\t\t\t<style>\/*! elementor - v3.8.0 - 30-10-2022 *\/\n.elementor-widget-text-editor.elementor-drop-cap-view-stacked .elementor-drop-cap{background-color:#818a91;color:#fff}.elementor-widget-text-editor.elementor-drop-cap-view-framed .elementor-drop-cap{color:#818a91;border:3px solid;background-color:transparent}.elementor-widget-text-editor:not(.elementor-drop-cap-view-default) .elementor-drop-cap{margin-top:8px}.elementor-widget-text-editor:not(.elementor-drop-cap-view-default) .elementor-drop-cap-letter{width:1em;height:1em}.elementor-widget-text-editor .elementor-drop-cap{float:left;text-align:center;line-height:1;font-size:50px}.elementor-widget-text-editor .elementor-drop-cap-letter{display:inline-block}<\/style>\t\t\t\t<p>PILAR BELLVER GALLEGO (Villacarrillo, Ja\u00e9n, 1961)<br>Y dios dijo: \u201cH\u00e1gase la luz\u201d; eso podemos leer en la Biblia. Pero en una fuente que hab\u00eda en el paseo de Villacarrillo, Ja\u00e9n, escrito en una placa met\u00e1lica, pudo leerse tambi\u00e9n, durante varias d\u00e9cadas, la siguiente inscripci\u00f3n:<\/p>\n<p>Y Franco dijo:<br>\u00abTendr\u00e9is agua\u00bb<br>19 de abril de 1961<\/p>\n<p>Aquel 19 de Abril todo el mundo esperaba poder ver a Franco, que se iba a llegar al pueblo a inaugurar las ca\u00f1er\u00edas, y puede que mi madre tuviera pensado tambi\u00e9n salir a verlo&#8230; por la curiosidad de verlo, m\u00e1s que nada&#8230;<\/p>\n<p>Pero yo la puse a parir, literalmente, y ya no pudo ser. Y es que yo sal\u00ed de mi madre el mismo d\u00eda que el agua corriente sali\u00f3 de algunos grifos de mi pueblo.<\/p>\n<p>En Villacarrillo di mis primeros pasos, pero, antes de cumplir los dos a\u00f1os, mis padres emigraron a Colombia y all\u00ed viv\u00ed hasta los siete a\u00f1os. Fue en Colombia, pues, donde aprend\u00ed a hablar, a leer y a escribir.<\/p>\n<p>Guardo algunos recuerdos de la Am\u00e9rica de mi infancia, pero no me dio tiempo a reunir muchos porque, para la edad del pavo, como quien dice, estaba otra vez de vuelta en Villacarrillo. De los siete a los diecisiete, viv\u00ed en Villacarrillo y estudi\u00e9 en Villacarrillo. Tuve buena suerte con la gente que me dio clase en la escuela p\u00fablica, durante la EGB, y en el instituto, p\u00fablico tambi\u00e9n.<\/p>\n<p>A los catorce a\u00f1os, gan\u00e9 el Primer Premio Nacional de Redacci\u00f3n. El premio era un sue\u00f1o para m\u00ed: un viaje de 20 d\u00edas a R\u00edo de Janeiro, Sao Paulo, Brasilia, Igua\u00e7u y Buenos Aires. \u00cdbamos cuatro personas: el ni\u00f1o de catorce a\u00f1os que gan\u00f3 la divisi\u00f3n masculina del concurso (porque por aquel entonces todo ten\u00eda la coletilla de femenino o masculino), el jefe de relaciones p\u00fablicas de la Coca-Cola, que era la compa\u00f1\u00eda que pagaba los gastos del concurso, y un funcionario que representaba al Ministerio de Educaci\u00f3n.<\/p>\n<p>Salimos de Madrid el 1 de noviembre de 1975 y me dej\u00e9 a Franco malo y en la cama. Por lo que supe despu\u00e9s, los veinte d\u00edas que dur\u00f3 el viaje estuvieron que si se mor\u00eda que si no se mor\u00eda&#8230; Pero no se muri\u00f3 hasta que yo no regres\u00e9 a Espa\u00f1a, el 20 de noviembre. Aquel d\u00eda el aeropuerto de Barajas era un caos y estaba totalmente tomado por la polic\u00eda y la guardia civil. Aunque, como yo no sab\u00eda por entonces nada de aeropuertos, no not\u00e9 diferencias. Al contrario, se me qued\u00f3 grabada la imagen de que, en un aeropuerto como dios manda, tiene que haber siempre por lo menos el doble de hombres con uniforme y metralleta que de hombres con traje y corbata. De los cuatro que \u00edbamos en el viaje, digo, les registraron las maletas a los dos hombres mayores que nos acompa\u00f1aban; y al chaval que ten\u00eda mi misma edad tambi\u00e9n, y a fondo, adem\u00e1s, pero a m\u00ed ya no. A m\u00ed me dejaron pasar sin que tuviera que ense\u00f1ar nada.<\/p>\n<p>Cuando llegamos al hotel de Madrid, el hombre de la Coca-Cola subi\u00f3 conmigo a mi habitaci\u00f3n para recoger unas cuantas cosas que \u00e9l hab\u00eda comprado para su familia y que hab\u00edamos metido en mi maleta porque a \u00e9l no le cab\u00edan. Y yo abro mi maleta con toda tranquilidad para darle lo suyo y justo encima, sobre toda mi ropa, ve este hombre un peri\u00f3dico que me hab\u00eda tra\u00eddo yo de Argentina porque me hab\u00eda llamado la atenci\u00f3n la portada. A toda p\u00e1gina, all\u00ed pon\u00eda:<\/p>\n<p>MUERTO FRANCO, VIVA ESPA\u00d1A.<br>EL DICTADOR, CL\u00cdNICAMENTE MUERTO.<\/p>\n<p>Este hombre se puso p\u00e1lido. Me pregunt\u00f3 que c\u00f3mo se me hab\u00eda ocurrido traerme eso en la maleta, as\u00ed, sin m\u00e1s ni m\u00e1s&#8230; Y yo de verdad que no entend\u00eda ni su rega\u00f1ina ni su p\u00e1nico. Le expliqu\u00e9 que lo hab\u00eda comprado precisamente porque me llam\u00f3 la atenci\u00f3n que all\u00ed parec\u00eda querer decir que poco menos que era bueno que se muriera Franco&#8230;<\/p>\n<p>\u2014\u00a1C\u00f3mo que parece! No es que parezca, es que es eso lo que dice y bien claro\u2014me suelta \u00e9l, medio descompuesto.<br>\u2014\u00a1Ea, pues por eso me ha llamao l\u2019atenci\u00f3n! \u00bfQu\u00e9 pasa, qu\u2019 hecho yo?<\/p>\n<p>Y no se me olvida lo que me dijo \u00e9l:<\/p>\n<p>\u2014\u00bfNo me est\u00e1s tomando el pelo, verdad que no? \u00bfT\u00fa es que de verdad no sabes el peligro que hemos corrido en la aduana con ese peri\u00f3dico tuyo?<\/p>\n<p>Exactamente en aquel momento y exactamente en aquel hotel me di cuenta de que hab\u00eda cosas important\u00edsimas de las que yo no ten\u00eda ni idea. Ni siquiera sab\u00eda bien lo que significaba la palabra dictador.<\/p>\n<p>Declaro que esta an\u00e9cdota es del todo cierta y si la cuento ahora es para deciros que haber ganado aquel premio de literatura, el m\u00e1s importante que hab\u00eda en Espa\u00f1a entonces para las cr\u00edas de esa edad, no me sirvi\u00f3 s\u00f3lo para tomar conciencia de que mi verdadera vocaci\u00f3n era ser escritora, sino que me sirvi\u00f3, sobre todo, para tomar conciencia. Punto.<\/p>\n<p><span style=\"font-style: inherit; font-weight: inherit; color: var( --e-global-color-text );\">Luego, a los dieciocho a\u00f1os, me traslad\u00e9 a Madrid a estudiar Periodismo en la Complutense y en Madrid me qued\u00e9 a vivir durante los siguientes 22 a\u00f1os. Madrid es, hasta ahora, el lugar donde m\u00e1s tiempo he vivido. He sido directora creativa de una agencia de publicidad, uno de los trabajos mejor pagados del mundo porque consiste en mentir y seducir a los dem\u00e1s sin que se den cuenta de que, por mucha leche desnatada Pascual que tomen, nunca tendr\u00e1n el tipo de s\u00edlfide que les prometemos. Como creativa, fui la madre de Mi Primo el de Zumosol, por ejemplo, un personaje que lleg\u00f3 a hacerse mucho m\u00e1s famoso de lo que ser\u00e1 nunca mi Mar\u00eda Bielsa, la protagonista de mi primera novela larga,&nbsp;<\/span><em style=\"font-weight: inherit; color: var( --e-global-color-text );\">Veinticuatro Veces<\/em><span style=\"font-style: inherit; font-weight: inherit; color: var( --e-global-color-text );\">. Podr\u00eda contaros aqu\u00ed m\u00e1s cosas de mi trabajo, pero no merece la pena. Lo m\u00e1s interesante ya lo cont\u00e9 en mi segunda novela,&nbsp;<\/span><em style=\"font-weight: inherit; color: var( --e-global-color-text );\">La vendedora de tornillos<\/em><span style=\"font-style: inherit; font-weight: inherit; color: var( --e-global-color-text );\">\u2026<\/span><br><\/p>\n<p>Actualmente vivo la mayor parte del tiempo en el campo, en mitad de la Sierra de las Villas, en lo alto de una monta\u00f1a desde la que veo media provincia de Ja\u00e9n, en Zahare\u00f1a, mi casa. Le puse as\u00ed porque me gusta lo que significa la palabra (la aprend\u00ed cuando la vi aparecer en El Quijote y tuve que ir a buscarla al diccionario) y porque hay un nido de \u00e1guilas en una risca rodeada de pinos, cincuenta metros por debajo de mi ventana.<\/p>\n<p>Y poco m\u00e1s puedo deciros de m\u00ed. Que soy feminista, comunista, lesbiana, atea\u2026 Y que procuro que mis libros sean \u00fatiles en el sentido en que Mar\u00eda Zambrano nos explic\u00f3 que la literatura deber\u00eda serlo:<\/p>\t\t\t\t\t\t<\/div>\n\t\t\t\t<\/div>\n\t\t\t\t\t<\/div>\n\t\t<\/div>\n\t\t\t\t\t\t\t<\/div>\n\t\t<\/section>\n\t\t\t\t<section class=\"elementor-section elementor-top-section elementor-element elementor-element-7dff4d1 elementor-section-boxed elementor-section-height-default elementor-section-height-default\" data-id=\"7dff4d1\" data-element_type=\"section\">\n\t\t\t\t\t\t<div class=\"elementor-container elementor-column-gap-default\">\n\t\t\t\t\t<div class=\"elementor-column elementor-col-50 elementor-top-column elementor-element elementor-element-4f97b75\" data-id=\"4f97b75\" data-element_type=\"column\">\n\t\t\t<div class=\"elementor-widget-wrap elementor-element-populated\">\n\t\t\t\t\t\t\t\t<div class=\"elementor-element elementor-element-d74242b elementor-widget elementor-widget-text-editor\" data-id=\"d74242b\" data-element_type=\"widget\" data-widget_type=\"text-editor.default\">\n\t\t\t\t<div class=\"elementor-widget-container\">\n\t\t\t\t\t\t\t<p><i><span style=\"font-weight: inherit; color: var( --e-global-color-text );\">\u00abLo que se publica es para algo, para que alguien, uno o muchos, al saberlo, vivan sabi\u00e9ndolo, para que vivan de otro modo despu\u00e9s de haberlo sabido; para librar a alguien de la c\u00e1rcel de la mentira, o de las nieblas del tedio, que es la mentira vit<\/span><span style=\"font-weight: inherit; color: var( --e-global-color-text );\">al<\/span><\/i><span style=\"font-style: inherit; font-weight: inherit; color: var( --e-global-color-text );\">.\u00bb<br \/><br \/><\/span><em style=\"font-weight: inherit; color: var( --e-global-color-text );\">(Para qu\u00e9 se escribe<br \/><\/em>Mar\u00eda Zambrano)<\/p>\t\t\t\t\t\t<\/div>\n\t\t\t\t<\/div>\n\t\t\t\t\t<\/div>\n\t\t<\/div>\n\t\t\t\t<div class=\"elementor-column elementor-col-50 elementor-top-column elementor-element elementor-element-3b3aff9\" data-id=\"3b3aff9\" data-element_type=\"column\">\n\t\t\t<div class=\"elementor-widget-wrap elementor-element-populated\">\n\t\t\t\t\t\t\t\t<div class=\"elementor-element elementor-element-283164d elementor-widget elementor-widget-text-editor\" data-id=\"283164d\" data-element_type=\"widget\" data-widget_type=\"text-editor.default\">\n\t\t\t\t<div class=\"elementor-widget-container\">\n\t\t\t\t\t\t\t\t\t\t\t\t\t<\/div>\n\t\t\t\t<\/div>\n\t\t\t\t\t<\/div>\n\t\t<\/div>\n\t\t\t\t\t\t\t<\/div>\n\t\t<\/section>\n\t\t\t\t\t\t\t<\/div>\n\t\t","protected":false},"excerpt":{"rendered":"<p>Notas Autobiogr\u00e1ficas PILAR BELLVER GALLEGO (Villacarrillo, Ja\u00e9n, 1961)Y dios dijo: \u201cH\u00e1gase la luz\u201d; eso podemos leer en la Biblia. Pero en una fuente que hab\u00eda en el paseo de Villacarrillo, Ja\u00e9n, escrito en una placa met\u00e1lica, pudo leerse tambi\u00e9n, durante varias d\u00e9cadas, la siguiente inscripci\u00f3n: Y Franco dijo:\u00abTendr\u00e9is agua\u00bb19 de abril de 1961 Aquel 19 &hellip;<\/p>\n<p class=\"read-more\"> <a class=\"\" href=\"https:\/\/pilarbellver.es\/index.php\/notas-autobiograficas\/\"> <span class=\"screen-reader-text\">Notas autobiogr\u00e1ficas<\/span> Leer m\u00e1s &raquo;<\/a><\/p>\n","protected":false},"author":1,"featured_media":0,"parent":0,"menu_order":0,"comment_status":"closed","ping_status":"closed","template":"elementor_header_footer","meta":{"site-sidebar-layout":"no-sidebar","site-content-layout":"page-builder","ast-main-header-display":"","ast-hfb-above-header-display":"","ast-hfb-below-header-display":"","ast-hfb-mobile-header-display":"","site-post-title":"disabled","ast-breadcrumbs-content":"","ast-featured-img":"disabled","footer-sml-layout":"","theme-transparent-header-meta":"default","adv-header-id-meta":"","stick-header-meta":"","header-above-stick-meta":"","header-main-stick-meta":"","header-below-stick-meta":""},"_links":{"self":[{"href":"https:\/\/pilarbellver.es\/index.php\/wp-json\/wp\/v2\/pages\/153"}],"collection":[{"href":"https:\/\/pilarbellver.es\/index.php\/wp-json\/wp\/v2\/pages"}],"about":[{"href":"https:\/\/pilarbellver.es\/index.php\/wp-json\/wp\/v2\/types\/page"}],"author":[{"embeddable":true,"href":"https:\/\/pilarbellver.es\/index.php\/wp-json\/wp\/v2\/users\/1"}],"replies":[{"embeddable":true,"href":"https:\/\/pilarbellver.es\/index.php\/wp-json\/wp\/v2\/comments?post=153"}],"version-history":[{"count":31,"href":"https:\/\/pilarbellver.es\/index.php\/wp-json\/wp\/v2\/pages\/153\/revisions"}],"predecessor-version":[{"id":384,"href":"https:\/\/pilarbellver.es\/index.php\/wp-json\/wp\/v2\/pages\/153\/revisions\/384"}],"wp:attachment":[{"href":"https:\/\/pilarbellver.es\/index.php\/wp-json\/wp\/v2\/media?parent=153"}],"curies":[{"name":"wp","href":"https:\/\/api.w.org\/{rel}","templated":true}]}}